{"id":3927,"date":"2019-05-23T08:21:43","date_gmt":"2019-05-23T08:21:43","guid":{"rendered":"https:\/\/democontent.codex-themes.com\/sites-elementor-v5\/startup\/?page_id=892"},"modified":"2025-05-04T21:22:31","modified_gmt":"2025-05-04T21:22:31","slug":"404-2","status":"publish","type":"page","link":"https:\/\/synapps.ma\/index.php\/404-2\/","title":{"rendered":"Page 404"},"content":{"rendered":"\t\t<div data-elementor-type=\"wp-page\" data-elementor-id=\"3927\" class=\"elementor elementor-3927\" data-elementor-post-type=\"page\">\n\t\t\t\t\t\t<section class=\"elementor-section elementor-top-section elementor-element elementor-element-3cdb390 elementor-section-boxed elementor-section-height-default elementor-section-height-default\" data-id=\"3cdb390\" data-element_type=\"section\" data-settings=\"{&quot;background_background&quot;:&quot;classic&quot;,&quot;ekit_has_onepagescroll_dot&quot;:&quot;yes&quot;}\">\r\n\t\t\t\t\t\t<div class=\"elementor-container elementor-column-gap-thegem\"><div class=\"elementor-row\">\r\n\t\t\t\t\t<div class=\"elementor-column elementor-col-100 elementor-top-column elementor-element elementor-element-6ac19bc\" data-id=\"6ac19bc\" data-element_type=\"column\">\n\t\t\t<div class=\"elementor-widget-wrap elementor-element-populated\">\n\t\t\t\t\t\t<div class=\"elementor-element elementor-element-a36f37e flex-horizontal-align-default flex-horizontal-align-tablet-default flex-horizontal-align-mobile-default flex-vertical-align-default flex-vertical-align-tablet-default flex-vertical-align-mobile-default elementor-widget elementor-widget-html\" data-id=\"a36f37e\" data-element_type=\"widget\" data-settings=\"{&quot;ekit_we_effect_on&quot;:&quot;none&quot;}\" data-widget_type=\"html.default\">\n\t\t\t\t<div class=\"elementor-widget-container\">\n\t\t\t<svg viewBox=\"0 0 600 170\">\r\n\r\n  <!-- Gradient -->\r\n  <linearGradient id=\"gr-simple\" x1=\"0\" y1=\"0\" x2=\"100%\" y2=\"100%\">\r\n    <stop stop-color=\"#ffad00\" offset=\"0%\"\/>\r\n    <stop stop-color=\"#ffad00\" offset=\"100%\"\/>\r\n  <\/linearGradient>\r\n\r\n  <!-- Text -->\r\n  <text text-anchor=\"middle\"\r\n        x=\"50%\"\r\n        y=\"50%\"\r\n        dy=\".35em\"\r\n        class=\"text title-h1 light\"\r\n        style=\"fill: url(#gr-simple); font-size: 230px; line-height: 1;\"\r\n        >\r\n    404\r\n  <\/text>\r\n<\/svg>\t\t<\/div>\n\t\t\t\t<\/div>\n\t\t\t\t<div class=\"elementor-element elementor-element-b354044 flex-horizontal-align-default flex-horizontal-align-tablet-default flex-horizontal-align-mobile-default flex-vertical-align-default flex-vertical-align-tablet-default flex-vertical-align-mobile-default elementor-widget elementor-widget-heading\" data-id=\"b354044\" data-element_type=\"widget\" data-settings=\"{&quot;ekit_we_effect_on&quot;:&quot;none&quot;}\" data-widget_type=\"heading.default\">\n\t\t\t\t<div class=\"elementor-widget-container\">\n\t\t\t<div class=\"title-h2 elementor-heading-title elementor-size-default\">PAGE NOT FOUND<\/div>\t\t<\/div>\n\t\t\t\t<\/div>\n\t\t\t\t<div class=\"elementor-element elementor-element-f498560 flex-horizontal-align-default flex-horizontal-align-tablet-default flex-horizontal-align-mobile-default flex-vertical-align-default flex-vertical-align-tablet-default flex-vertical-align-mobile-default elementor-widget elementor-widget-text-editor\" data-id=\"f498560\" data-element_type=\"widget\" data-settings=\"{&quot;ekit_we_effect_on&quot;:&quot;none&quot;}\" data-widget_type=\"text-editor.default\">\n\t\t\t\t<div class=\"elementor-widget-container\">\n\t\t\t\t\t\t\t\t\t\t<div class=\"elementor-text-editor elementor-clearfix\">\r\n\t\t\t\t\t\t<div class=\"styled-subtitle\" style=\"color: #151349;\">D\u00e9sol\u00e9, la page que vous recherchez n&rsquo;existe pas dans notre base de donn\u00e9es ! Peut-\u00eatre souhaitez-vous retourner \u00e0 notre\u00a0<div class=\"styled-subtitle\" style=\"color: #151349;\">\u00a0 <a style=\"color: #151349; background-color: #ffad00; padding: 2px 10px;\" href=\"https:\/\/synapps.ma\">page d&rsquo;accueil<\/a><\/div><\/div>\n\t\t\t\t\t\t\t<\/div>\r\n\t\t\t\t\t\t\t\t<\/div>\n\t\t\t\t<\/div>\n\t\t\t\t\t<\/div>\n\t\t<\/div>\n\t\t\t\t\t<\/div><\/div>\r\n\t\t<\/section>\r\n\t\t\t\t<\/div>\n\t\t","protected":false},"excerpt":{"rendered":"<p>404 PAGE NOT FOUND D\u00e9sol\u00e9, la page que vous recherchez n&rsquo;existe pas dans notre base de donn\u00e9es ! Peut-\u00eatre souhaitez-vous&#8230;<\/p>\n","protected":false},"author":1,"featured_media":0,"parent":0,"menu_order":0,"comment_status":"closed","ping_status":"closed","template":"page-fullwidth.php","meta":{"footnotes":""},"class_list":["post-3927","page","type-page","status-publish"],"yoast_head":"<!-- This site is optimized with the Yoast SEO plugin v24.4 - https:\/\/yoast.com\/wordpress\/plugins\/seo\/ -->\n<title>Page 404 - Synapps<\/title>\n<meta name=\"robots\" content=\"index, follow, max-snippet:-1, max-image-preview:large, max-video-preview:-1\" \/>\n<link rel=\"canonical\" href=\"https:\/\/synapps.ma\/index.php\/404-2\/\" \/>\n<meta property=\"og:locale\" content=\"fr_FR\" \/>\n<meta property=\"og:type\" content=\"article\" \/>\n<meta property=\"og:title\" content=\"Page 404 - Synapps\" \/>\n<meta property=\"og:description\" content=\"404 PAGE NOT FOUND D\u00e9sol\u00e9, la page que vous recherchez n&rsquo;existe pas dans notre base de donn\u00e9es ! Peut-\u00eatre souhaitez-vous...\" \/>\n<meta property=\"og:url\" content=\"https:\/\/synapps.ma\/index.php\/404-2\/\" \/>\n<meta property=\"og:site_name\" content=\"Synapps\" \/>\n<meta property=\"article:modified_time\" content=\"2025-05-04T21:22:31+00:00\" \/>\n<meta name=\"twitter:card\" content=\"summary_large_image\" \/>\n<meta name=\"twitter:label1\" content=\"Dur\u00e9e de lecture estim\u00e9e\" \/>\n\t<meta name=\"twitter:data1\" content=\"1 minute\" \/>\n<script type=\"application\/ld+json\" class=\"yoast-schema-graph\">{\"@context\":\"https:\/\/schema.org\",\"@graph\":[{\"@type\":\"WebPage\",\"@id\":\"https:\/\/synapps.ma\/index.php\/404-2\/\",\"url\":\"https:\/\/synapps.ma\/index.php\/404-2\/\",\"name\":\"Page 404 - Synapps\",\"isPartOf\":{\"@id\":\"https:\/\/synapps.ma\/#website\"},\"datePublished\":\"2019-05-23T08:21:43+00:00\",\"dateModified\":\"2025-05-04T21:22:31+00:00\",\"breadcrumb\":{\"@id\":\"https:\/\/synapps.ma\/index.php\/404-2\/#breadcrumb\"},\"inLanguage\":\"fr-FR\",\"potentialAction\":[{\"@type\":\"ReadAction\",\"target\":[\"https:\/\/synapps.ma\/index.php\/404-2\/\"]}]},{\"@type\":\"BreadcrumbList\",\"@id\":\"https:\/\/synapps.ma\/index.php\/404-2\/#breadcrumb\",\"itemListElement\":[{\"@type\":\"ListItem\",\"position\":1,\"name\":\"Accueil\",\"item\":\"https:\/\/synapps.ma\/\"},{\"@type\":\"ListItem\",\"position\":2,\"name\":\"Page 404\"}]},{\"@type\":\"WebSite\",\"@id\":\"https:\/\/synapps.ma\/#website\",\"url\":\"https:\/\/synapps.ma\/\",\"name\":\"Synapps\",\"description\":\"R\u00e9inventer la gestion scolaire avec SYNAPPS\",\"publisher\":{\"@id\":\"https:\/\/synapps.ma\/#organization\"},\"alternateName\":\"Bienvenue sur SYNAPPS, votre solution ERP\",\"potentialAction\":[{\"@type\":\"SearchAction\",\"target\":{\"@type\":\"EntryPoint\",\"urlTemplate\":\"https:\/\/synapps.ma\/?s={search_term_string}\"},\"query-input\":{\"@type\":\"PropertyValueSpecification\",\"valueRequired\":true,\"valueName\":\"search_term_string\"}}],\"inLanguage\":\"fr-FR\"},{\"@type\":\"Organization\",\"@id\":\"https:\/\/synapps.ma\/#organization\",\"name\":\"Synapps\",\"alternateName\":\"Synapps ERP\",\"url\":\"https:\/\/synapps.ma\/\",\"logo\":{\"@type\":\"ImageObject\",\"inLanguage\":\"fr-FR\",\"@id\":\"https:\/\/synapps.ma\/#\/schema\/logo\/image\/\",\"url\":\"https:\/\/synapps.ma\/wp-content\/uploads\/2025\/01\/cropped-logo-synapps-noir-.webp\",\"contentUrl\":\"https:\/\/synapps.ma\/wp-content\/uploads\/2025\/01\/cropped-logo-synapps-noir-.webp\",\"width\":512,\"height\":512,\"caption\":\"Synapps\"},\"image\":{\"@id\":\"https:\/\/synapps.ma\/#\/schema\/logo\/image\/\"},\"sameAs\":[\"https:\/\/www.linkedin.com\/showcase\/synapps-ma\/posts\/\"]}]}<\/script>\n<!-- \/ Yoast SEO plugin. -->","yoast_head_json":{"title":"Page 404 - Synapps","robots":{"index":"index","follow":"follow","max-snippet":"max-snippet:-1","max-image-preview":"max-image-preview:large","max-video-preview":"max-video-preview:-1"},"canonical":"https:\/\/synapps.ma\/index.php\/404-2\/","og_locale":"fr_FR","og_type":"article","og_title":"Page 404 - Synapps","og_description":"404 PAGE NOT FOUND D\u00e9sol\u00e9, la page que vous recherchez n&rsquo;existe pas dans notre base de donn\u00e9es ! Peut-\u00eatre souhaitez-vous...","og_url":"https:\/\/synapps.ma\/index.php\/404-2\/","og_site_name":"Synapps","article_modified_time":"2025-05-04T21:22:31+00:00","twitter_card":"summary_large_image","twitter_misc":{"Dur\u00e9e de lecture estim\u00e9e":"1 minute"},"schema":{"@context":"https:\/\/schema.org","@graph":[{"@type":"WebPage","@id":"https:\/\/synapps.ma\/index.php\/404-2\/","url":"https:\/\/synapps.ma\/index.php\/404-2\/","name":"Page 404 - Synapps","isPartOf":{"@id":"https:\/\/synapps.ma\/#website"},"datePublished":"2019-05-23T08:21:43+00:00","dateModified":"2025-05-04T21:22:31+00:00","breadcrumb":{"@id":"https:\/\/synapps.ma\/index.php\/404-2\/#breadcrumb"},"inLanguage":"fr-FR","potentialAction":[{"@type":"ReadAction","target":["https:\/\/synapps.ma\/index.php\/404-2\/"]}]},{"@type":"BreadcrumbList","@id":"https:\/\/synapps.ma\/index.php\/404-2\/#breadcrumb","itemListElement":[{"@type":"ListItem","position":1,"name":"Accueil","item":"https:\/\/synapps.ma\/"},{"@type":"ListItem","position":2,"name":"Page 404"}]},{"@type":"WebSite","@id":"https:\/\/synapps.ma\/#website","url":"https:\/\/synapps.ma\/","name":"Synapps","description":"R\u00e9inventer la gestion scolaire avec SYNAPPS","publisher":{"@id":"https:\/\/synapps.ma\/#organization"},"alternateName":"Bienvenue sur SYNAPPS, votre solution ERP","potentialAction":[{"@type":"SearchAction","target":{"@type":"EntryPoint","urlTemplate":"https:\/\/synapps.ma\/?s={search_term_string}"},"query-input":{"@type":"PropertyValueSpecification","valueRequired":true,"valueName":"search_term_string"}}],"inLanguage":"fr-FR"},{"@type":"Organization","@id":"https:\/\/synapps.ma\/#organization","name":"Synapps","alternateName":"Synapps ERP","url":"https:\/\/synapps.ma\/","logo":{"@type":"ImageObject","inLanguage":"fr-FR","@id":"https:\/\/synapps.ma\/#\/schema\/logo\/image\/","url":"https:\/\/synapps.ma\/wp-content\/uploads\/2025\/01\/cropped-logo-synapps-noir-.webp","contentUrl":"https:\/\/synapps.ma\/wp-content\/uploads\/2025\/01\/cropped-logo-synapps-noir-.webp","width":512,"height":512,"caption":"Synapps"},"image":{"@id":"https:\/\/synapps.ma\/#\/schema\/logo\/image\/"},"sameAs":["https:\/\/www.linkedin.com\/showcase\/synapps-ma\/posts\/"]}]}},"_links":{"self":[{"href":"https:\/\/synapps.ma\/index.php\/wp-json\/wp\/v2\/pages\/3927","targetHints":{"allow":["GET"]}}],"collection":[{"href":"https:\/\/synapps.ma\/index.php\/wp-json\/wp\/v2\/pages"}],"about":[{"href":"https:\/\/synapps.ma\/index.php\/wp-json\/wp\/v2\/types\/page"}],"author":[{"embeddable":true,"href":"https:\/\/synapps.ma\/index.php\/wp-json\/wp\/v2\/users\/1"}],"replies":[{"embeddable":true,"href":"https:\/\/synapps.ma\/index.php\/wp-json\/wp\/v2\/comments?post=3927"}],"version-history":[{"count":10,"href":"https:\/\/synapps.ma\/index.php\/wp-json\/wp\/v2\/pages\/3927\/revisions"}],"predecessor-version":[{"id":4790,"href":"https:\/\/synapps.ma\/index.php\/wp-json\/wp\/v2\/pages\/3927\/revisions\/4790"}],"wp:attachment":[{"href":"https:\/\/synapps.ma\/index.php\/wp-json\/wp\/v2\/media?parent=3927"}],"curies":[{"name":"wp","href":"https:\/\/api.w.org\/{rel}","templated":true}]}}